{"id":5242,"date":"2022-02-09T18:50:47","date_gmt":"2022-02-09T18:50:47","guid":{"rendered":"https:\/\/www.nextgenerationsolutions.it\/contatti\/"},"modified":"2023-02-28T17:52:23","modified_gmt":"2023-02-28T16:52:23","slug":"contatti","status":"publish","type":"page","link":"https:\/\/www.nextgenerationsolutions.it\/it\/contatti\/","title":{"rendered":"Contatti"},"content":{"rendered":"\t\t<div data-elementor-type=\"wp-page\" data-elementor-id=\"5242\" class=\"elementor elementor-5242 elementor-4636\" data-elementor-post-type=\"page\">\n\t\t\t\t\t\t<section class=\"elementor-section elementor-top-section elementor-element elementor-element-68651bd elementor-section-full_width elementor-section-stretched elementor-section-height-default elementor-section-height-default\" data-id=\"68651bd\" data-element_type=\"section\" data-e-type=\"section\" data-settings=\"{&quot;stretch_section&quot;:&quot;section-stretched&quot;}\">\n\t\t\t\t\t\t<div class=\"elementor-container elementor-column-gap-default\">\n\t\t\t\t\t<div class=\"elementor-column elementor-col-100 elementor-top-column elementor-element elementor-element-aeb1e21\" data-id=\"aeb1e21\" data-element_type=\"column\" data-e-type=\"column\">\n\t\t\t<div class=\"elementor-widget-wrap elementor-element-populated\">\n\t\t\t\t\t\t<div class=\"elementor-element elementor-element-938998d elementor-widget__width-inherit elementor-widget elementor-widget-text-editor\" data-id=\"938998d\" data-element_type=\"widget\" data-e-type=\"widget\" data-widget_type=\"text-editor.default\">\n\t\t\t\t<div class=\"elementor-widget-container\">\n\t\t\t\t\t\t\t\t\t<p><span style=\"color: #ffffff; font-family: 'Montserrat', sans-serif; font-weight: 500; letter-spacing: 0px; font-size: min(5vw, 54px);\">CONTATTA NGS<br \/><\/span><\/p>\n\t\t\t\t\t\t\t\t<\/div>\n\t\t\t\t<\/div>\n\t\t\t\t\t<\/div>\n\t\t<\/div>\n\t\t\t\t\t<\/div>\n\t\t<\/section>\n\t\t\t\t<section class=\"elementor-section elementor-top-section elementor-element elementor-element-8ed29ca elementor-section-boxed elementor-section-height-default elementor-section-height-default\" data-id=\"8ed29ca\" data-element_type=\"section\" data-e-type=\"section\">\n\t\t\t\t\t\t<div class=\"elementor-container elementor-column-gap-default\">\n\t\t\t\t\t<div class=\"elementor-column elementor-col-50 elementor-top-column elementor-element elementor-element-62b89e7\" data-id=\"62b89e7\" data-element_type=\"column\" data-e-type=\"column\">\n\t\t\t<div class=\"elementor-widget-wrap elementor-element-populated\">\n\t\t\t\t\t\t<div class=\"elementor-element elementor-element-78bcb7e elementor-widget elementor-widget-image\" data-id=\"78bcb7e\" data-element_type=\"widget\" data-e-type=\"widget\" data-widget_type=\"image.default\">\n\t\t\t\t<div class=\"elementor-widget-container\">\n\t\t\t\t\t\t\t\t\t\t\t\t\t\t\t<img fetchpriority=\"high\" decoding=\"async\" data-attachment-id=\"5283\" data-permalink=\"https:\/\/www.nextgenerationsolutions.it\/it\/logo-ngs-full-2\/\" data-orig-file=\"https:\/\/www.nextgenerationsolutions.it\/wp-content\/uploads\/2018\/11\/Logo-NGS-full.png\" data-orig-size=\"1509,966\" data-comments-opened=\"1\" data-image-meta=\"{&quot;aperture&quot;:&quot;0&quot;,&quot;credit&quot;:&quot;&quot;,&quot;camera&quot;:&quot;&quot;,&quot;caption&quot;:&quot;&quot;,&quot;created_timestamp&quot;:&quot;0&quot;,&quot;copyright&quot;:&quot;&quot;,&quot;focal_length&quot;:&quot;0&quot;,&quot;iso&quot;:&quot;0&quot;,&quot;shutter_speed&quot;:&quot;0&quot;,&quot;title&quot;:&quot;&quot;,&quot;orientation&quot;:&quot;0&quot;}\" data-image-title=\"Logo-NGS-full\" data-image-description=\"\" data-image-caption=\"\" data-large-file=\"https:\/\/www.nextgenerationsolutions.it\/wp-content\/uploads\/2018\/11\/Logo-NGS-full-1024x656.png\" width=\"800\" height=\"513\" src=\"https:\/\/www.nextgenerationsolutions.it\/wp-content\/uploads\/2018\/11\/Logo-NGS-full-1024x656.png\" class=\"attachment-large size-large wp-image-5283\" alt=\"\" srcset=\"https:\/\/www.nextgenerationsolutions.it\/wp-content\/uploads\/2018\/11\/Logo-NGS-full-1024x656.png 1024w, https:\/\/www.nextgenerationsolutions.it\/wp-content\/uploads\/2018\/11\/Logo-NGS-full-300x192.png 300w, https:\/\/www.nextgenerationsolutions.it\/wp-content\/uploads\/2018\/11\/Logo-NGS-full-768x492.png 768w, https:\/\/www.nextgenerationsolutions.it\/wp-content\/uploads\/2018\/11\/Logo-NGS-full.png 1509w\" sizes=\"(max-width: 800px) 100vw, 800px\" data-attachment-id=\"5283\" data-permalink=\"https:\/\/www.nextgenerationsolutions.it\/it\/logo-ngs-full-2\/\" data-orig-file=\"https:\/\/www.nextgenerationsolutions.it\/wp-content\/uploads\/2018\/11\/Logo-NGS-full.png\" data-orig-size=\"1509,966\" data-comments-opened=\"1\" data-image-meta=\"{&quot;aperture&quot;:&quot;0&quot;,&quot;credit&quot;:&quot;&quot;,&quot;camera&quot;:&quot;&quot;,&quot;caption&quot;:&quot;&quot;,&quot;created_timestamp&quot;:&quot;0&quot;,&quot;copyright&quot;:&quot;&quot;,&quot;focal_length&quot;:&quot;0&quot;,&quot;iso&quot;:&quot;0&quot;,&quot;shutter_speed&quot;:&quot;0&quot;,&quot;title&quot;:&quot;&quot;,&quot;orientation&quot;:&quot;0&quot;}\" data-image-title=\"Logo-NGS-full\" data-image-description=\"\" data-image-caption=\"\" data-large-file=\"https:\/\/www.nextgenerationsolutions.it\/wp-content\/uploads\/2018\/11\/Logo-NGS-full-1024x656.png\" \/>\t\t\t\t\t\t\t\t\t\t\t\t\t\t\t<\/div>\n\t\t\t\t<\/div>\n\t\t\t\t\t<\/div>\n\t\t<\/div>\n\t\t\t\t<div class=\"elementor-column elementor-col-50 elementor-top-column elementor-element elementor-element-80b3644\" data-id=\"80b3644\" data-element_type=\"column\" data-e-type=\"column\">\n\t\t\t<div class=\"elementor-widget-wrap elementor-element-populated\">\n\t\t\t\t\t\t<section class=\"elementor-section elementor-inner-section elementor-element elementor-element-2bd2235 elementor-section-boxed elementor-section-height-default elementor-section-height-default\" data-id=\"2bd2235\" data-element_type=\"section\" data-e-type=\"section\">\n\t\t\t\t\t\t<div class=\"elementor-container elementor-column-gap-default\">\n\t\t\t\t\t<div class=\"elementor-column elementor-col-100 elementor-inner-column elementor-element elementor-element-d036d11\" data-id=\"d036d11\" data-element_type=\"column\" data-e-type=\"column\">\n\t\t\t<div class=\"elementor-widget-wrap elementor-element-populated\">\n\t\t\t\t\t\t<div class=\"elementor-element elementor-element-a7b9663 elementor-widget elementor-widget-heading\" data-id=\"a7b9663\" data-element_type=\"widget\" data-e-type=\"widget\" data-widget_type=\"heading.default\">\n\t\t\t\t<div class=\"elementor-widget-container\">\n\t\t\t\t\t<h2 class=\"elementor-heading-title elementor-size-default\">Telefono<\/h2>\t\t\t\t<\/div>\n\t\t\t\t<\/div>\n\t\t\t\t<div class=\"elementor-element elementor-element-5f2de73 elementor-widget elementor-widget-text-editor\" data-id=\"5f2de73\" data-element_type=\"widget\" data-e-type=\"widget\" data-widget_type=\"text-editor.default\">\n\t\t\t\t<div class=\"elementor-widget-container\">\n\t\t\t\t\t\t\t\t\t<div class=\"siteorigin-widget-tinymce textwidget\">\n<p><a href=\"tel:+390667881987\">+39<\/a> 351 911 1482<\/p>\n<\/div>\n\t\t\t\t\t\t\t\t<\/div>\n\t\t\t\t<\/div>\n\t\t\t\t<div class=\"elementor-element elementor-element-9ae60f4 elementor-widget elementor-widget-heading\" data-id=\"9ae60f4\" data-element_type=\"widget\" data-e-type=\"widget\" data-widget_type=\"heading.default\">\n\t\t\t\t<div class=\"elementor-widget-container\">\n\t\t\t\t\t<h2 class=\"elementor-heading-title elementor-size-default\">E-mail<\/h2>\t\t\t\t<\/div>\n\t\t\t\t<\/div>\n\t\t\t\t<div class=\"elementor-element elementor-element-d4ca59f elementor-widget elementor-widget-text-editor\" data-id=\"d4ca59f\" data-element_type=\"widget\" data-e-type=\"widget\" data-widget_type=\"text-editor.default\">\n\t\t\t\t<div class=\"elementor-widget-container\">\n\t\t\t\t\t\t\t\t\t<p><a href=\"info@nextgenerationsolutions.it\">info@nextgenerationsolutions.it<\/a><\/p>\n\t\t\t\t\t\t\t\t<\/div>\n\t\t\t\t<\/div>\n\t\t\t\t<div class=\"elementor-element elementor-element-ff213ad elementor-widget elementor-widget-heading\" data-id=\"ff213ad\" data-element_type=\"widget\" data-e-type=\"widget\" data-widget_type=\"heading.default\">\n\t\t\t\t<div class=\"elementor-widget-container\">\n\t\t\t\t\t<h2 class=\"elementor-heading-title elementor-size-default\">Indirizzo<\/h2>\t\t\t\t<\/div>\n\t\t\t\t<\/div>\n\t\t\t\t<div class=\"elementor-element elementor-element-ada7615 elementor-widget elementor-widget-text-editor\" data-id=\"ada7615\" data-element_type=\"widget\" data-e-type=\"widget\" data-widget_type=\"text-editor.default\">\n\t\t\t\t<div class=\"elementor-widget-container\">\n\t\t\t\t\t\t\t\t\t<p>Next Generation Solutions S.r.l.<br \/>Via delle Carrozze 3, 00187<br \/>Rome, Italy<\/p>\n\t\t\t\t\t\t\t\t<\/div>\n\t\t\t\t<\/div>\n\t\t\t\t\t<\/div>\n\t\t<\/div>\n\t\t\t\t\t<\/div>\n\t\t<\/section>\n\t\t\t\t\t<\/div>\n\t\t<\/div>\n\t\t\t\t\t<\/div>\n\t\t<\/section>\n\t\t\t\t<section class=\"elementor-section elementor-top-section elementor-element elementor-element-916dc0a elementor-section-boxed elementor-section-height-default elementor-section-height-default\" data-id=\"916dc0a\" data-element_type=\"section\" data-e-type=\"section\" data-settings=\"{&quot;background_background&quot;:&quot;classic&quot;}\">\n\t\t\t\t\t\t<div class=\"elementor-container elementor-column-gap-default\">\n\t\t\t\t\t<div class=\"elementor-column elementor-col-50 elementor-top-column elementor-element elementor-element-3353eae\" data-id=\"3353eae\" data-element_type=\"column\" data-e-type=\"column\">\n\t\t\t<div class=\"elementor-widget-wrap elementor-element-populated\">\n\t\t\t\t\t\t<div class=\"elementor-element elementor-element-e16627f elementor-widget elementor-widget-heading\" data-id=\"e16627f\" data-element_type=\"widget\" data-e-type=\"widget\" data-widget_type=\"heading.default\">\n\t\t\t\t<div class=\"elementor-widget-container\">\n\t\t\t\t\t<h1 class=\"elementor-heading-title elementor-size-default\">Orari<\/h1>\t\t\t\t<\/div>\n\t\t\t\t<\/div>\n\t\t\t\t\t<\/div>\n\t\t<\/div>\n\t\t\t\t<div class=\"elementor-column elementor-col-50 elementor-top-column elementor-element elementor-element-a393bde\" data-id=\"a393bde\" data-element_type=\"column\" data-e-type=\"column\">\n\t\t\t<div class=\"elementor-widget-wrap elementor-element-populated\">\n\t\t\t\t\t\t<div class=\"elementor-element elementor-element-d144b6e elementor-widget elementor-widget-html\" data-id=\"d144b6e\" data-element_type=\"widget\" data-e-type=\"widget\" data-widget_type=\"html.default\">\n\t\t\t\t<div class=\"elementor-widget-container\">\n\t\t\t\t\t<style>\n.hours-table {\n    margin: auto;\n    width:auto;\n    color: #CECECE;\n    font-size:1.2vw;\n}\n\n.hours-table td{\n    padding: 5px 10px 0px 10px;\n}\n<\/style>\n\n<table class=\"hours-table\">\n    <tr>\n        <td>Luned\u00ec<\/td>\n        <td>9:00 - 18:00<\/td>\n    <\/tr>\n    <tr>\n        <td>Marted\u00ec<\/td>\n        <td>9:00 - 18:00<\/td>\n    <\/tr>\n    <tr>\n        <td>Mercoled\u00ec<\/td>\n        <td>9:00 - 18:00<\/td>\n    <\/tr>\n    <tr>\n        <td>Gioved\u00ec<\/td>\n        <td>9:00 - 18:00<\/td>\n    <\/tr>\n    <tr>\n        <td>Venerd\u00ec<\/td>\n        <td>9:00 - 18:00<\/td>\n    <\/tr>\n    <tr>\n        <td>Sabato<\/td>\n        <td>Chiuso<\/td>\n    <\/tr>\n    <tr>\n        <td>Domenica<\/td>\n        <td>Chiuso<\/td>\n    <\/tr>\n<\/table>\t\t\t\t<\/div>\n\t\t\t\t<\/div>\n\t\t\t\t\t<\/div>\n\t\t<\/div>\n\t\t\t\t\t<\/div>\n\t\t<\/section>\n\t\t\t\t<\/div>\n\t\t","protected":false},"excerpt":{"rendered":"<p>CONTATTA NGS Telefono +39 351 911 1482 E-mail info@nextgenerationsolutions.it Indirizzo Next Generation Solutions S.r.l.Via delle Carrozze 3, 00187Rome, Italy Orari Luned\u00ec 9:00 &#8211; 18:00 Marted\u00ec 9:00 &#8211; 18:00 Mercoled\u00ec 9:00 &#8211; 18:00 Gioved\u00ec 9:00 &#8211; 18:00 Venerd\u00ec 9:00 &#8211; 18:00 Sabato Chiuso Domenica Chiuso<\/p>\n","protected":false},"author":1,"featured_media":0,"parent":0,"menu_order":0,"comment_status":"closed","ping_status":"closed","template":"","meta":{"footnotes":""},"class_list":["post-5242","page","type-page","status-publish","hentry"],"yoast_head":"<!-- This site is optimized with the Yoast SEO plugin v27.5 - https:\/\/yoast.com\/product\/yoast-seo-wordpress\/ -->\n<title>Contatti - NGS - Next Generation Solutions<\/title>\n<meta name=\"robots\" content=\"index, follow, max-snippet:-1, max-image-preview:large, max-video-preview:-1\" \/>\n<link rel=\"canonical\" href=\"https:\/\/www.nextgenerationsolutions.it\/it\/contatti\/\" \/>\n<meta property=\"og:locale\" content=\"it_IT\" \/>\n<meta property=\"og:type\" content=\"article\" \/>\n<meta property=\"og:title\" content=\"Contatti - NGS - Next Generation Solutions\" \/>\n<meta property=\"og:description\" content=\"CONTATTA NGS Telefono +39 351 911 1482 E-mail info@nextgenerationsolutions.it Indirizzo Next Generation Solutions S.r.l.Via delle Carrozze 3, 00187Rome, Italy Orari Luned\u00ec 9:00 &#8211; 18:00 Marted\u00ec 9:00 &#8211; 18:00 Mercoled\u00ec 9:00 &#8211; 18:00 Gioved\u00ec 9:00 &#8211; 18:00 Venerd\u00ec 9:00 &#8211; 18:00 Sabato Chiuso Domenica Chiuso\" \/>\n<meta property=\"og:url\" content=\"https:\/\/www.nextgenerationsolutions.it\/it\/contatti\/\" \/>\n<meta property=\"og:site_name\" content=\"NGS - Next Generation Solutions\" \/>\n<meta property=\"article:modified_time\" content=\"2023-02-28T16:52:23+00:00\" \/>\n<meta property=\"og:image\" content=\"https:\/\/www.nextgenerationsolutions.it\/wp-content\/uploads\/2018\/11\/Logo-NGS-full-1024x656.png\" \/>\n<meta name=\"twitter:card\" content=\"summary_large_image\" \/>\n<meta name=\"twitter:label1\" content=\"Tempo di lettura stimato\" \/>\n\t<meta name=\"twitter:data1\" content=\"1 minuto\" \/>\n<script type=\"application\/ld+json\" class=\"yoast-schema-graph\">{\"@context\":\"https:\\\/\\\/schema.org\",\"@graph\":[{\"@type\":\"WebPage\",\"@id\":\"https:\\\/\\\/www.nextgenerationsolutions.it\\\/it\\\/contatti\\\/\",\"url\":\"https:\\\/\\\/www.nextgenerationsolutions.it\\\/it\\\/contatti\\\/\",\"name\":\"Contatti - NGS - Next Generation Solutions\",\"isPartOf\":{\"@id\":\"https:\\\/\\\/www.nextgenerationsolutions.it\\\/#website\"},\"primaryImageOfPage\":{\"@id\":\"https:\\\/\\\/www.nextgenerationsolutions.it\\\/it\\\/contatti\\\/#primaryimage\"},\"image\":{\"@id\":\"https:\\\/\\\/www.nextgenerationsolutions.it\\\/it\\\/contatti\\\/#primaryimage\"},\"thumbnailUrl\":\"https:\\\/\\\/www.nextgenerationsolutions.it\\\/wp-content\\\/uploads\\\/2018\\\/11\\\/Logo-NGS-full-1024x656.png\",\"datePublished\":\"2022-02-09T18:50:47+00:00\",\"dateModified\":\"2023-02-28T16:52:23+00:00\",\"breadcrumb\":{\"@id\":\"https:\\\/\\\/www.nextgenerationsolutions.it\\\/it\\\/contatti\\\/#breadcrumb\"},\"inLanguage\":\"it-IT\",\"potentialAction\":[{\"@type\":\"ReadAction\",\"target\":[\"https:\\\/\\\/www.nextgenerationsolutions.it\\\/it\\\/contatti\\\/\"]}]},{\"@type\":\"ImageObject\",\"inLanguage\":\"it-IT\",\"@id\":\"https:\\\/\\\/www.nextgenerationsolutions.it\\\/it\\\/contatti\\\/#primaryimage\",\"url\":\"https:\\\/\\\/www.nextgenerationsolutions.it\\\/wp-content\\\/uploads\\\/2018\\\/11\\\/Logo-NGS-full-1024x656.png\",\"contentUrl\":\"https:\\\/\\\/www.nextgenerationsolutions.it\\\/wp-content\\\/uploads\\\/2018\\\/11\\\/Logo-NGS-full-1024x656.png\"},{\"@type\":\"BreadcrumbList\",\"@id\":\"https:\\\/\\\/www.nextgenerationsolutions.it\\\/it\\\/contatti\\\/#breadcrumb\",\"itemListElement\":[{\"@type\":\"ListItem\",\"position\":1,\"name\":\"Home\",\"item\":\"https:\\\/\\\/www.nextgenerationsolutions.it\\\/it\\\/home-3\\\/\"},{\"@type\":\"ListItem\",\"position\":2,\"name\":\"Contatti\"}]},{\"@type\":\"WebSite\",\"@id\":\"https:\\\/\\\/www.nextgenerationsolutions.it\\\/#website\",\"url\":\"https:\\\/\\\/www.nextgenerationsolutions.it\\\/\",\"name\":\"NGS - Next Generation Solutions\",\"description\":\"Soluzioni Tecnologiche Innovative per il Business\",\"publisher\":{\"@id\":\"https:\\\/\\\/www.nextgenerationsolutions.it\\\/#organization\"},\"potentialAction\":[{\"@type\":\"SearchAction\",\"target\":{\"@type\":\"EntryPoint\",\"urlTemplate\":\"https:\\\/\\\/www.nextgenerationsolutions.it\\\/?s={search_term_string}\"},\"query-input\":{\"@type\":\"PropertyValueSpecification\",\"valueRequired\":true,\"valueName\":\"search_term_string\"}}],\"inLanguage\":\"it-IT\"},{\"@type\":\"Organization\",\"@id\":\"https:\\\/\\\/www.nextgenerationsolutions.it\\\/#organization\",\"name\":\"NGS - Next Generation Solutions\",\"url\":\"https:\\\/\\\/www.nextgenerationsolutions.it\\\/\",\"logo\":{\"@type\":\"ImageObject\",\"inLanguage\":\"it-IT\",\"@id\":\"https:\\\/\\\/www.nextgenerationsolutions.it\\\/#\\\/schema\\\/logo\\\/image\\\/\",\"url\":\"https:\\\/\\\/www.nextgenerationsolutions.it\\\/wp-content\\\/uploads\\\/2018\\\/11\\\/Logo-NGS-full.png\",\"contentUrl\":\"https:\\\/\\\/www.nextgenerationsolutions.it\\\/wp-content\\\/uploads\\\/2018\\\/11\\\/Logo-NGS-full.png\",\"width\":1509,\"height\":966,\"caption\":\"NGS - Next Generation Solutions\"},\"image\":{\"@id\":\"https:\\\/\\\/www.nextgenerationsolutions.it\\\/#\\\/schema\\\/logo\\\/image\\\/\"}}]}<\/script>\n<!-- \/ Yoast SEO plugin. -->","yoast_head_json":{"title":"Contatti - NGS - Next Generation Solutions","robots":{"index":"index","follow":"follow","max-snippet":"max-snippet:-1","max-image-preview":"max-image-preview:large","max-video-preview":"max-video-preview:-1"},"canonical":"https:\/\/www.nextgenerationsolutions.it\/it\/contatti\/","og_locale":"it_IT","og_type":"article","og_title":"Contatti - NGS - Next Generation Solutions","og_description":"CONTATTA NGS Telefono +39 351 911 1482 E-mail info@nextgenerationsolutions.it Indirizzo Next Generation Solutions S.r.l.Via delle Carrozze 3, 00187Rome, Italy Orari Luned\u00ec 9:00 &#8211; 18:00 Marted\u00ec 9:00 &#8211; 18:00 Mercoled\u00ec 9:00 &#8211; 18:00 Gioved\u00ec 9:00 &#8211; 18:00 Venerd\u00ec 9:00 &#8211; 18:00 Sabato Chiuso Domenica Chiuso","og_url":"https:\/\/www.nextgenerationsolutions.it\/it\/contatti\/","og_site_name":"NGS - Next Generation Solutions","article_modified_time":"2023-02-28T16:52:23+00:00","og_image":[{"url":"https:\/\/www.nextgenerationsolutions.it\/wp-content\/uploads\/2018\/11\/Logo-NGS-full-1024x656.png","type":"","width":"","height":""}],"twitter_card":"summary_large_image","twitter_misc":{"Tempo di lettura stimato":"1 minuto"},"schema":{"@context":"https:\/\/schema.org","@graph":[{"@type":"WebPage","@id":"https:\/\/www.nextgenerationsolutions.it\/it\/contatti\/","url":"https:\/\/www.nextgenerationsolutions.it\/it\/contatti\/","name":"Contatti - NGS - Next Generation Solutions","isPartOf":{"@id":"https:\/\/www.nextgenerationsolutions.it\/#website"},"primaryImageOfPage":{"@id":"https:\/\/www.nextgenerationsolutions.it\/it\/contatti\/#primaryimage"},"image":{"@id":"https:\/\/www.nextgenerationsolutions.it\/it\/contatti\/#primaryimage"},"thumbnailUrl":"https:\/\/www.nextgenerationsolutions.it\/wp-content\/uploads\/2018\/11\/Logo-NGS-full-1024x656.png","datePublished":"2022-02-09T18:50:47+00:00","dateModified":"2023-02-28T16:52:23+00:00","breadcrumb":{"@id":"https:\/\/www.nextgenerationsolutions.it\/it\/contatti\/#breadcrumb"},"inLanguage":"it-IT","potentialAction":[{"@type":"ReadAction","target":["https:\/\/www.nextgenerationsolutions.it\/it\/contatti\/"]}]},{"@type":"ImageObject","inLanguage":"it-IT","@id":"https:\/\/www.nextgenerationsolutions.it\/it\/contatti\/#primaryimage","url":"https:\/\/www.nextgenerationsolutions.it\/wp-content\/uploads\/2018\/11\/Logo-NGS-full-1024x656.png","contentUrl":"https:\/\/www.nextgenerationsolutions.it\/wp-content\/uploads\/2018\/11\/Logo-NGS-full-1024x656.png"},{"@type":"BreadcrumbList","@id":"https:\/\/www.nextgenerationsolutions.it\/it\/contatti\/#breadcrumb","itemListElement":[{"@type":"ListItem","position":1,"name":"Home","item":"https:\/\/www.nextgenerationsolutions.it\/it\/home-3\/"},{"@type":"ListItem","position":2,"name":"Contatti"}]},{"@type":"WebSite","@id":"https:\/\/www.nextgenerationsolutions.it\/#website","url":"https:\/\/www.nextgenerationsolutions.it\/","name":"NGS - Next Generation Solutions","description":"Soluzioni Tecnologiche Innovative per il Business","publisher":{"@id":"https:\/\/www.nextgenerationsolutions.it\/#organization"},"potentialAction":[{"@type":"SearchAction","target":{"@type":"EntryPoint","urlTemplate":"https:\/\/www.nextgenerationsolutions.it\/?s={search_term_string}"},"query-input":{"@type":"PropertyValueSpecification","valueRequired":true,"valueName":"search_term_string"}}],"inLanguage":"it-IT"},{"@type":"Organization","@id":"https:\/\/www.nextgenerationsolutions.it\/#organization","name":"NGS - Next Generation Solutions","url":"https:\/\/www.nextgenerationsolutions.it\/","logo":{"@type":"ImageObject","inLanguage":"it-IT","@id":"https:\/\/www.nextgenerationsolutions.it\/#\/schema\/logo\/image\/","url":"https:\/\/www.nextgenerationsolutions.it\/wp-content\/uploads\/2018\/11\/Logo-NGS-full.png","contentUrl":"https:\/\/www.nextgenerationsolutions.it\/wp-content\/uploads\/2018\/11\/Logo-NGS-full.png","width":1509,"height":966,"caption":"NGS - Next Generation Solutions"},"image":{"@id":"https:\/\/www.nextgenerationsolutions.it\/#\/schema\/logo\/image\/"}}]}},"jetpack_sharing_enabled":true,"jetpack_shortlink":"https:\/\/wp.me\/PcZ6xH-1my","jetpack_likes_enabled":true,"_links":{"self":[{"href":"https:\/\/www.nextgenerationsolutions.it\/it\/wp-json\/wp\/v2\/pages\/5242","targetHints":{"allow":["GET"]}}],"collection":[{"href":"https:\/\/www.nextgenerationsolutions.it\/it\/wp-json\/wp\/v2\/pages"}],"about":[{"href":"https:\/\/www.nextgenerationsolutions.it\/it\/wp-json\/wp\/v2\/types\/page"}],"author":[{"embeddable":true,"href":"https:\/\/www.nextgenerationsolutions.it\/it\/wp-json\/wp\/v2\/users\/1"}],"replies":[{"embeddable":true,"href":"https:\/\/www.nextgenerationsolutions.it\/it\/wp-json\/wp\/v2\/comments?post=5242"}],"version-history":[{"count":13,"href":"https:\/\/www.nextgenerationsolutions.it\/it\/wp-json\/wp\/v2\/pages\/5242\/revisions"}],"predecessor-version":[{"id":5611,"href":"https:\/\/www.nextgenerationsolutions.it\/it\/wp-json\/wp\/v2\/pages\/5242\/revisions\/5611"}],"wp:attachment":[{"href":"https:\/\/www.nextgenerationsolutions.it\/it\/wp-json\/wp\/v2\/media?parent=5242"}],"curies":[{"name":"wp","href":"https:\/\/api.w.org\/{rel}","templated":true}]}}